{"id":2123,"date":"2025-07-08T14:59:47","date_gmt":"2025-07-08T12:59:47","guid":{"rendered":"https:\/\/yukibeauty.ch\/product\/the-retinol-0-5-oil\/"},"modified":"2025-09-17T13:11:44","modified_gmt":"2025-09-17T11:11:44","slug":"the-retinol-0-5-oil","status":"publish","type":"product","link":"https:\/\/yukibeauty.ch\/it\/negozio\/routine-coreana\/crema-per-il-contorno-occhi\/the-retinol-0-5-oil\/","title":{"rendered":"L'olio al retinolo 0,5"},"content":{"rendered":"<h3 data-start=\"122\" data-end=\"157\"><strong data-start=\"126\" data-end=\"155\">COSRX Il Retinolo 0,5 Olio<\/strong><\/h3>\n<p data-start=\"158\" data-end=\"237\"><strong data-start=\"158\" data-end=\"237\">Trattamento mirato anti-et\u00e0 con retinolo puro, squalano e super vitamina E<\/strong><\/p>\n<p data-start=\"239\" data-end=\"602\">Rivelate una pelle visibilmente pi\u00f9 soda, liscia e uniforme con l'Olio Retinolo 0,5, un potente trattamento notturno formulato con 0,5% di retinolo puro, non con i suoi derivati. Ideale per chi ha gi\u00e0 esperienza con i retinoidi, questo olio setoso agisce su linee sottili, rughe, pori dilatati e perdita di elasticit\u00e0, migliorando al tempo stesso la texture e la luminosit\u00e0 della pelle.<\/p>\n<p data-start=\"604\" data-end=\"820\">La sua formula delicata ma potente \u00e8 bilanciata con squalano di origine vegetale e tocotrienolo (super vitamina E) per idratare, lenire e proteggere la pelle, rendendola efficace ma non irritante anche per i tipi sensibili.<\/p>\n<h3 data-start=\"827\" data-end=\"845\">Vantaggi principali<\/h3>\n<ul data-start=\"847\" data-end=\"1104\">\n<li data-start=\"847\" data-end=\"878\">\n<p data-start=\"849\" data-end=\"878\">Leviga le linee profonde e sottili<\/p>\n<\/li>\n<li data-start=\"879\" data-end=\"912\">\n<p data-start=\"881\" data-end=\"912\">Rassoda e migliora l'elasticit\u00e0<\/p>\n<\/li>\n<li data-start=\"913\" data-end=\"955\">\n<p data-start=\"915\" data-end=\"955\">Affina la grana della pelle e riduce i pori<\/p>\n<\/li>\n<li data-start=\"956\" data-end=\"1007\">\n<p data-start=\"958\" data-end=\"1007\">Illumina il tono irregolare e attenua le macchie scure<\/p>\n<\/li>\n<li data-start=\"1008\" data-end=\"1054\">\n<p data-start=\"1010\" data-end=\"1054\">Nutre e rafforza la barriera cutanea<\/p>\n<\/li>\n<li data-start=\"1055\" data-end=\"1104\">\n<p data-start=\"1057\" data-end=\"1104\">Favorisce la produzione di collagene e il rinnovamento della pelle<\/p>\n<\/li>\n<\/ul>\n<h3 data-start=\"1111\" data-end=\"1133\">Ingredienti chiave<\/h3>\n<ul data-start=\"1135\" data-end=\"1450\">\n<li data-start=\"1135\" data-end=\"1236\">\n<p data-start=\"1137\" data-end=\"1236\">0,5% Retinolo puro - Aumenta il collagene, accelera il ricambio cellulare e migliora visibilmente le rughe.<\/p>\n<\/li>\n<li data-start=\"1237\" data-end=\"1347\">\n<p data-start=\"1239\" data-end=\"1347\">Tocotrienolo (Super Vitamina E) - Potente antiossidante che combatte i segni dell'invecchiamento e i danni dei radicali liberi.<\/p>\n<\/li>\n<li data-start=\"1348\" data-end=\"1450\">\n<p data-start=\"1350\" data-end=\"1450\">Squalano di origine vegetale - Previene la perdita di idratazione, lenisce la pelle e rafforza la funzione barriera.<\/p>\n<\/li>\n<\/ul>\n<h3 data-start=\"1457\" data-end=\"1484\">Consistenza e assorbimento<\/h3>\n<p data-start=\"1486\" data-end=\"1630\">Texture leggera e setosa che scivola senza sforzo e si assorbe bene senza ungere: perfetta per una routine notturna nutriente.<\/p>\n<p data-start=\"1486\" data-end=\"1630\"><strong data-start=\"2519\" data-end=\"2539\">Consigliato per:<\/strong><br data-start=\"2539\" data-end=\"2542\" \/>- Linee sottili e rughe profonde<br data-start=\"2571\" data-end=\"2574\" \/>- Cedimento della pelle e perdita di elasticit\u00e0<br data-start=\"2607\" data-end=\"2610\" \/>- Struttura o tonalit\u00e0 non uniforme<br data-start=\"2635\" data-end=\"2638\" \/>- Pori dilatati<br data-start=\"2655\" data-end=\"2658\" \/>- Pelle opaca o secca<\/p>","protected":false},"excerpt":{"rendered":"<p>COSRX The Retinol 0.5 Oil Targeted Anti-Aging Treatment with Pure Retinol, Squalane &amp; Super Vitamin E Reveal visibly firmer, smoother,<\/p>","protected":false},"featured_media":3393,"comment_status":"open","ping_status":"closed","template":"","meta":[],"product_brand":[],"product_cat":[22,49,15],"product_tag":[],"class_list":{"0":"post-2123","1":"product","2":"type-product","3":"status-publish","4":"has-post-thumbnail","6":"product_cat-eye-cream","7":"product_cat-for-men","8":"product_cat-korean-routine","10":"first","11":"outofstock","12":"purchasable","13":"product-type-simple"},"_links":{"self":[{"href":"https:\/\/yukibeauty.ch\/it\/wp-json\/wp\/v2\/product\/2123","targetHints":{"allow":["GET"]}}],"collection":[{"href":"https:\/\/yukibeauty.ch\/it\/wp-json\/wp\/v2\/product"}],"about":[{"href":"https:\/\/yukibeauty.ch\/it\/wp-json\/wp\/v2\/types\/product"}],"replies":[{"embeddable":true,"href":"https:\/\/yukibeauty.ch\/it\/wp-json\/wp\/v2\/comments?post=2123"}],"wp:featuredmedia":[{"embeddable":true,"href":"https:\/\/yukibeauty.ch\/it\/wp-json\/wp\/v2\/media\/3393"}],"wp:attachment":[{"href":"https:\/\/yukibeauty.ch\/it\/wp-json\/wp\/v2\/media?parent=2123"}],"wp:term":[{"taxonomy":"product_brand","embeddable":true,"href":"https:\/\/yukibeauty.ch\/it\/wp-json\/wp\/v2\/product_brand?post=2123"},{"taxonomy":"product_cat","embeddable":true,"href":"https:\/\/yukibeauty.ch\/it\/wp-json\/wp\/v2\/product_cat?post=2123"},{"taxonomy":"product_tag","embeddable":true,"href":"https:\/\/yukibeauty.ch\/it\/wp-json\/wp\/v2\/product_tag?post=2123"}],"curies":[{"name":"wp","href":"https:\/\/api.w.org\/{rel}","templated":true}]}}