{"id":2139,"date":"2025-07-08T14:59:54","date_gmt":"2025-07-08T12:59:54","guid":{"rendered":"https:\/\/yukibeauty.ch\/product\/collagen-night-wrapping-mask\/"},"modified":"2025-12-16T21:26:42","modified_gmt":"2025-12-16T20:26:42","slug":"medicube-collagen-night-wrapping-mask","status":"publish","type":"product","link":"https:\/\/yukibeauty.ch\/it\/negozio\/routine-coreana\/masks\/medicube-collagen-night-wrapping-mask\/","title":{"rendered":"Maschera avvolgente notturna al collagene"},"content":{"rendered":"<h2 data-section-id=\"alho9t\" data-start=\"128\" data-end=\"215\">Medicube Maschera avvolgente al collagene per la notte - Maschera per il sonno rassodante e idratante per tutta la notte<\/h2>\n<p data-start=\"217\" data-end=\"450\">Svegliatevi con una pelle pi\u00f9 soda, liscia e profondamente idratata grazie alla Medicube Collagen Night Wrapping Mask, una maschera leggera per la notte, formulata per stimolare il collagene, migliorare l'elasticit\u00e0 della pelle e bloccare l'idratazione durante il sonno.<\/p>\n<h2 data-section-id=\"gm5nm5\" data-start=\"452\" data-end=\"475\">Perch\u00e9 vi piacer\u00e0:<\/h2>\n<p data-section-id=\"1vtozxz\" data-start=\"477\" data-end=\"516\"><strong>Trattamento notturno rinforzante del collagene<\/strong><\/p>\n<p data-start=\"517\" data-end=\"782\">Dotata di un esclusivo complesso di film di collagene, questa maschera per il sonno avvolge la pelle per fornire un trattamento intensivo durante la notte, mirando a linee sottili, rughe e perdita di tonicit\u00e0. La formula avanzata aiuta a promuovere una carnagione pi\u00f9 sollevata e dall'aspetto pi\u00f9 giovane al mattino.<\/p>\n<p data-section-id=\"xomyes\" data-start=\"784\" data-end=\"825\"><strong>Idratazione profonda e ritenzione idrica<\/strong><\/p>\n<p data-start=\"826\" data-end=\"1066\">Arricchita con ingredienti nutrienti, la maschera agisce durante la notte per idratare profondamente e ripristinare l'equilibrio dell'idratazione, lasciando la pelle morbida, rimpolpata e rivitalizzata. \u00c8 ideale per le pelli secche, disidratate o stanche che necessitano di una spinta notturna.<\/p>\n<p data-section-id=\"19gvz5o\" data-start=\"1068\" data-end=\"1106\"><strong>Texture leggera e non appiccicosa<\/strong><\/p>\n<p data-start=\"1107\" data-end=\"1290\">Nonostante la sua ricca idratazione, la maschera presenta una texture leggera e traspirante che si assorbe rapidamente senza lasciare residui appiccicosi. Adatta a tutti i tipi di pelle, comprese quelle sensibili.<\/p>\n<h2 data-section-id=\"10wfqjb\" data-start=\"1676\" data-end=\"1688\">Attenzione:<\/h2>\n<ul data-start=\"1690\" data-end=\"1978\">\n<li data-start=\"1690\" data-end=\"1715\">\n<p data-start=\"1692\" data-end=\"1715\">Solo per uso esterno<\/p>\n<\/li>\n<li data-start=\"1716\" data-end=\"1743\">\n<p data-start=\"1718\" data-end=\"1743\">Evitare il contatto con gli occhi<\/p>\n<\/li>\n<li data-start=\"1744\" data-end=\"1843\">\n<p data-start=\"1746\" data-end=\"1843\">Interrompere l'uso in caso di irritazione, arrossamento o eruzione cutanea. Consultare un medico se i sintomi persistono<\/p>\n<\/li>\n<li data-start=\"1844\" data-end=\"1915\">\n<p data-start=\"1846\" data-end=\"1915\">Eseguire un patch test prima del primo utilizzo per verificare la sensibilit\u00e0 della pelle.<\/p>\n<\/li>\n<li data-start=\"1916\" data-end=\"1978\">\n<p data-start=\"1918\" data-end=\"1978\">Conservare in un luogo fresco e asciutto e tenere fuori dalla portata dei bambini.<\/p>\n<\/li>\n<\/ul>\n<h2 data-section-id=\"185jmtu\" data-start=\"1980\" data-end=\"2000\">Consigliato per:<\/h2>\n<ul data-start=\"2002\" data-end=\"2155\">\n<li data-start=\"2002\" data-end=\"2034\">\n<p data-start=\"2004\" data-end=\"2034\">Pelle con perdita di elasticit\u00e0<\/p>\n<\/li>\n<li data-start=\"2035\" data-end=\"2069\">\n<p data-start=\"2037\" data-end=\"2069\">Pelle secca, disidratata o ruvida<\/p>\n<\/li>\n<li data-start=\"2070\" data-end=\"2105\">\n<p data-start=\"2072\" data-end=\"2105\">Linee sottili e rughe visibili<\/p>\n<\/li>\n<li data-start=\"2106\" data-end=\"2155\">\n<p data-start=\"2108\" data-end=\"2155\">Chiunque cerchi una soluzione rassodante per la notte<\/p>\n<\/li>\n<\/ul>\n<p data-start=\"2157\" data-end=\"2329\">Migliorate la vostra cura della pelle durante la notte con questa maschera per dormire a base di collagene che vi aiuter\u00e0 a svegliarvi con una pelle tonica, giovane e profondamente idratata, senza bisogno di ulteriori passaggi.<\/p>","protected":false},"excerpt":{"rendered":"<p>Medicube Collagen Night Wrapping Mask \u2013 Overnight Firming &amp; Hydrating Sleeping Mask Wake up to firmer, smoother, and deeply hydrated<\/p>","protected":false},"featured_media":3469,"comment_status":"open","ping_status":"closed","template":"","meta":[],"product_brand":[],"product_cat":[49,15,21],"product_tag":[],"class_list":{"0":"post-2139","1":"product","2":"type-product","3":"status-publish","4":"has-post-thumbnail","6":"product_cat-for-men","7":"product_cat-korean-routine","8":"product_cat-masks","10":"first","11":"outofstock","12":"purchasable","13":"product-type-simple"},"_links":{"self":[{"href":"https:\/\/yukibeauty.ch\/it\/wp-json\/wp\/v2\/product\/2139","targetHints":{"allow":["GET"]}}],"collection":[{"href":"https:\/\/yukibeauty.ch\/it\/wp-json\/wp\/v2\/product"}],"about":[{"href":"https:\/\/yukibeauty.ch\/it\/wp-json\/wp\/v2\/types\/product"}],"replies":[{"embeddable":true,"href":"https:\/\/yukibeauty.ch\/it\/wp-json\/wp\/v2\/comments?post=2139"}],"wp:featuredmedia":[{"embeddable":true,"href":"https:\/\/yukibeauty.ch\/it\/wp-json\/wp\/v2\/media\/3469"}],"wp:attachment":[{"href":"https:\/\/yukibeauty.ch\/it\/wp-json\/wp\/v2\/media?parent=2139"}],"wp:term":[{"taxonomy":"product_brand","embeddable":true,"href":"https:\/\/yukibeauty.ch\/it\/wp-json\/wp\/v2\/product_brand?post=2139"},{"taxonomy":"product_cat","embeddable":true,"href":"https:\/\/yukibeauty.ch\/it\/wp-json\/wp\/v2\/product_cat?post=2139"},{"taxonomy":"product_tag","embeddable":true,"href":"https:\/\/yukibeauty.ch\/it\/wp-json\/wp\/v2\/product_tag?post=2139"}],"curies":[{"name":"wp","href":"https:\/\/api.w.org\/{rel}","templated":true}]}}