{"id":2149,"date":"2025-07-08T14:59:00","date_gmt":"2025-07-08T12:59:00","guid":{"rendered":"https:\/\/yukibeauty.ch\/product\/vt-cosmetics-cica-reedle-shot-700-50ml\/"},"modified":"2025-12-18T20:31:21","modified_gmt":"2025-12-18T19:31:21","slug":"vt-reedle-shot-700","status":"publish","type":"product","link":"https:\/\/yukibeauty.ch\/it\/negozio\/routine-coreana\/serum\/vt-reedle-shot-700\/","title":{"rendered":"VT cosmetici Cica colpo di canna 700"},"content":{"rendered":"<h2 data-section-id=\"ydafiu\" data-start=\"173\" data-end=\"207\">VT Cosmetici Reedle Shot 700<\/h2>\n<p data-start=\"208\" data-end=\"270\">Trattamento settimanale avanzato con assorbimento ispirato ai micronuclei<\/p>\n<p data-start=\"272\" data-end=\"594\">Rinnovate la vostra pelle con Reedle Shot 700, una soluzione innovativa che imita il microneedling per migliorare la diffusione dei principi attivi in profondit\u00e0 nella pelle. Questo trattamento ad alta intensit\u00e0 si avvale dell'estratto di Centella Asiatica e dell'acido ialuronico a basso peso molecolare per idratare, lenire e rafforzare la barriera cutanea.<\/p>\n<h2 data-section-id=\"ycgkk5\" data-start=\"596\" data-end=\"612\">Vantaggi principali<\/h2>\n<ul>\n<li data-start=\"614\" data-end=\"1025\">Migliora l'assorbimento grazie alla tecnologia di tipo micronucleare per risultati visibili<\/li>\n<li data-start=\"614\" data-end=\"1025\">Aiuta a migliorare la luminosit\u00e0, l'idratazione e la texture<\/li>\n<li data-start=\"614\" data-end=\"1025\">Formulato con Centella Asiatica per calmare le irritazioni e favorire la rigenerazione della pelle.<\/li>\n<li data-start=\"614\" data-end=\"1025\">Contiene acido ialuronico a piccole molecole per un'idratazione profonda e duratura.<\/li>\n<li data-start=\"614\" data-end=\"1025\">Adatto all'uso settimanale come potente trattamento notturno<\/li>\n<li data-start=\"614\" data-end=\"1025\">Patch test cutaneo; un leggero pizzicore \u00e8 un normale effetto d'azione.<\/li>\n<\/ul>\n<h3 data-section-id=\"1ljz12d\" data-start=\"1027\" data-end=\"1072\"><strong>Rinnovamento settimanale della pelle con penetrazione profonda<\/strong><\/h3>\n<p data-start=\"1074\" data-end=\"1371\">Reedle Shot 700 distribuisce i principi attivi agli strati pi\u00f9 profondi della pelle utilizzando una struttura simile a quella dei micronuclei. Questo migliora l'efficacia e favorisce il rinnovamento, la luminosit\u00e0 e la resilienza della pelle. \u00c8 ideale per chi cerca un'opzione di skin resurfacing pi\u00f9 intensivo e casalingo senza strumenti invasivi.<\/p>\n<p data-start=\"1747\" data-end=\"1900\">Reedle Shot 700 \u00e8 pensato per gli utenti che desiderano ottenere risultati di livello professionale a casa propria: un leggero pizzicore \u00e8 il segno che i principi attivi stanno facendo effetto.<\/p>","protected":false},"excerpt":{"rendered":"<p>VT Cosmetics Reedle Shot 700 Advanced weekly treatment with microneedle-inspired absorption Renew your skin with Reedle Shot 700 \u2014 an<\/p>","protected":false},"featured_media":3514,"comment_status":"open","ping_status":"closed","template":"","meta":[],"product_brand":[],"product_cat":[49,15,312],"product_tag":[],"class_list":{"0":"post-2149","1":"product","2":"type-product","3":"status-publish","4":"has-post-thumbnail","6":"product_cat-for-men","7":"product_cat-korean-routine","8":"product_cat-serum","10":"first","11":"instock","12":"sale","13":"featured","14":"purchasable","15":"product-type-simple"},"_links":{"self":[{"href":"https:\/\/yukibeauty.ch\/it\/wp-json\/wp\/v2\/product\/2149","targetHints":{"allow":["GET"]}}],"collection":[{"href":"https:\/\/yukibeauty.ch\/it\/wp-json\/wp\/v2\/product"}],"about":[{"href":"https:\/\/yukibeauty.ch\/it\/wp-json\/wp\/v2\/types\/product"}],"replies":[{"embeddable":true,"href":"https:\/\/yukibeauty.ch\/it\/wp-json\/wp\/v2\/comments?post=2149"}],"wp:featuredmedia":[{"embeddable":true,"href":"https:\/\/yukibeauty.ch\/it\/wp-json\/wp\/v2\/media\/3514"}],"wp:attachment":[{"href":"https:\/\/yukibeauty.ch\/it\/wp-json\/wp\/v2\/media?parent=2149"}],"wp:term":[{"taxonomy":"product_brand","embeddable":true,"href":"https:\/\/yukibeauty.ch\/it\/wp-json\/wp\/v2\/product_brand?post=2149"},{"taxonomy":"product_cat","embeddable":true,"href":"https:\/\/yukibeauty.ch\/it\/wp-json\/wp\/v2\/product_cat?post=2149"},{"taxonomy":"product_tag","embeddable":true,"href":"https:\/\/yukibeauty.ch\/it\/wp-json\/wp\/v2\/product_tag?post=2149"}],"curies":[{"name":"wp","href":"https:\/\/api.w.org\/{rel}","templated":true}]}}