{"id":2160,"date":"2025-07-08T15:00:00","date_gmt":"2025-07-08T13:00:00","guid":{"rendered":"https:\/\/yukibeauty.ch\/product\/skin-1004-madagascar-centella-ampoule\/"},"modified":"2026-02-10T10:00:45","modified_gmt":"2026-02-10T09:00:45","slug":"skin1004-madagascar-centella-ampoule","status":"publish","type":"product","link":"https:\/\/yukibeauty.ch\/it\/negozio\/routine-coreana\/serum\/skin1004-madagascar-centella-ampoule\/","title":{"rendered":"SKIN 1004 - Ampolla di Centella del Madagascar"},"content":{"rendered":"<h2 data-start=\"144\" data-end=\"227\"><strong data-start=\"148\" data-end=\"227\">SKIN1004 Fiala di centella del Madagascar - 100% Siero puro lenitivo e idratante<\/strong><\/h2>\n<p data-start=\"229\" data-end=\"559\">Ritrovate l'equilibrio con la fiala di Centella del Madagascar SKIN1004, un siero calmante multiuso a base di estratto di Centella Asiatica 100% proveniente dalla natura incontaminata del Madagascar. Noto per la sua purezza e potenza, questo ingrediente eroe aiuta a ripristinare l'idratazione, a lenire le irritazioni e a rafforzare la barriera cutanea.<\/p>\n<h2 data-start=\"566\" data-end=\"587\"><strong data-start=\"570\" data-end=\"587\">Vantaggi principali:<\/strong><\/h2>\n<ul data-start=\"589\" data-end=\"1244\">\n<li data-start=\"589\" data-end=\"756\">\n<p data-start=\"591\" data-end=\"756\">100% Formula a singolo ingrediente: Contiene solo estratto di Centella Asiatica di prima qualit\u00e0, senza aggiunta di riempitivi o conservanti, per garantire i massimi benefici per la pelle.<\/p>\n<\/li>\n<li data-start=\"757\" data-end=\"900\">\n<p data-start=\"759\" data-end=\"900\">Trattamento lenitivo e riparatore: calma istantaneamente la pelle sensibile o irritata da fattori di stress ambientale, secchezza o eccessiva esfoliazione.<\/p>\n<\/li>\n<li data-start=\"901\" data-end=\"1013\">\n<p data-start=\"903\" data-end=\"1013\">Idratazione profonda: Aiuta a reintegrare l'idratazione e a bloccarla, lasciando la pelle morbida, elastica e rinfrescata per tutto il giorno.<\/p>\n<\/li>\n<li data-start=\"1014\" data-end=\"1124\">\n<p data-start=\"1016\" data-end=\"1124\">Equilibrio olio-acqua: Favorisce una sana regolazione del sebo per affrontare sia la pelle a tendenza acneica che quella disidratata.<\/p>\n<\/li>\n<li data-start=\"1125\" data-end=\"1244\">\n<p data-start=\"1127\" data-end=\"1244\">Supporto anti-et\u00e0: Riduce i primi segni dell'invecchiamento mantenendo l'elasticit\u00e0 della pelle e favorendo una texture pi\u00f9 liscia.<\/p>\n<\/li>\n<\/ul>\n<h2 data-start=\"1251\" data-end=\"1283\"><strong data-start=\"1255\" data-end=\"1283\">Perch\u00e9 la centella del Madagascar?<\/strong><\/h2>\n<p data-start=\"1285\" data-end=\"1577\">La Centella Asiatica coltivata in Madagascar \u00e8 ricca di principi attivi lenitivi, fino a 7 volte pi\u00f9 concentrati rispetto agli estratti standard. Il metodo di estrazione pulito di SKIN1004 preserva la piena integrit\u00e0 della pianta, garantendo un'elevata efficacia e prestazioni delicate anche per le pelli pi\u00f9 sensibili.<\/p>\n<h3><strong data-start=\"1588\" data-end=\"1624\">Texture leggera e non appiccicosa<\/strong><\/h3>\n<p data-start=\"1626\" data-end=\"1819\">Questa fiala \u00e8 caratterizzata da una formula acquosa e di rapido assorbimento che si stratifica facilmente sotto altri prodotti per la cura della pelle. Ideale per tutti i tipi di pelle, in particolare per quelle sensibili, irritate o a tendenza acneica.<\/p>\n<h2 data-start=\"2078\" data-end=\"2098\"><strong data-start=\"2082\" data-end=\"2098\">Ingredienti:<\/strong><\/h2>\n<ul data-start=\"2100\" data-end=\"2190\">\n<li data-start=\"2100\" data-end=\"2190\">\n<p data-start=\"2102\" data-end=\"2190\"><strong data-start=\"2102\" data-end=\"2138\">Estratto di Centella Asiatica (100%)<\/strong> - Aiuta a calmare, idratare e riparare la barriera cutanea.<\/p>\n<\/li>\n<\/ul>\n<p data-start=\"2197\" data-end=\"2359\">Senza: profumi, oli essenziali, alcol, parabeni e coloranti artificiali.<br data-start=\"2282\" data-end=\"2285\" \/>Adatto a: Tutti i tipi di pelle, comprese quelle sensibili e a tendenza acneica.<\/p>\n<p data-start=\"2366\" data-end=\"2546\">Sostenete il potere di guarigione naturale della vostra pelle con questo <strong data-start=\"2418\" data-end=\"2443\">fiala di Centella pura<\/strong> - un must per tutti coloro che cercano <strong data-start=\"2477\" data-end=\"2531\">idratazione lenitiva, equilibrio della pelle e bellezza pulita<\/strong> in un'unica bottiglia.<\/p>","protected":false},"excerpt":{"rendered":"<p>SKIN1004 Madagascar Centella Ampoule \u2013 100% Pure Soothing &amp; Hydrating Serum Rediscover balance with the SKIN1004 Madagascar Centella Ampoule \u2014<\/p>","protected":false},"featured_media":3833,"comment_status":"open","ping_status":"closed","template":"","meta":[],"product_brand":[],"product_cat":[49,15,312],"product_tag":[],"class_list":{"0":"post-2160","1":"product","2":"type-product","3":"status-publish","4":"has-post-thumbnail","6":"product_cat-for-men","7":"product_cat-korean-routine","8":"product_cat-serum","10":"first","11":"instock","12":"purchasable","13":"product-type-simple"},"_links":{"self":[{"href":"https:\/\/yukibeauty.ch\/it\/wp-json\/wp\/v2\/product\/2160","targetHints":{"allow":["GET"]}}],"collection":[{"href":"https:\/\/yukibeauty.ch\/it\/wp-json\/wp\/v2\/product"}],"about":[{"href":"https:\/\/yukibeauty.ch\/it\/wp-json\/wp\/v2\/types\/product"}],"replies":[{"embeddable":true,"href":"https:\/\/yukibeauty.ch\/it\/wp-json\/wp\/v2\/comments?post=2160"}],"wp:featuredmedia":[{"embeddable":true,"href":"https:\/\/yukibeauty.ch\/it\/wp-json\/wp\/v2\/media\/3833"}],"wp:attachment":[{"href":"https:\/\/yukibeauty.ch\/it\/wp-json\/wp\/v2\/media?parent=2160"}],"wp:term":[{"taxonomy":"product_brand","embeddable":true,"href":"https:\/\/yukibeauty.ch\/it\/wp-json\/wp\/v2\/product_brand?post=2160"},{"taxonomy":"product_cat","embeddable":true,"href":"https:\/\/yukibeauty.ch\/it\/wp-json\/wp\/v2\/product_cat?post=2160"},{"taxonomy":"product_tag","embeddable":true,"href":"https:\/\/yukibeauty.ch\/it\/wp-json\/wp\/v2\/product_tag?post=2160"}],"curies":[{"name":"wp","href":"https:\/\/api.w.org\/{rel}","templated":true}]}}