{"id":2165,"date":"2025-07-08T15:00:01","date_gmt":"2025-07-08T13:00:01","guid":{"rendered":"https:\/\/yukibeauty.ch\/product\/aha-bha-pha-30-days-miracle-toner-150ml\/"},"modified":"2025-12-23T17:51:19","modified_gmt":"2025-12-23T16:51:19","slug":"aha-bha-pha-30-days-miracle-toner-150ml","status":"publish","type":"product","link":"https:\/\/yukibeauty.ch\/it\/negozio\/routine-coreana\/toner\/aha-bha-pha-30-days-miracle-toner-150ml\/","title":{"rendered":"AHA, BHA, PHA Tonico miracoloso per 30 giorni [150 ml]"},"content":{"rendered":"<h2 data-section-id=\"x4z7vo\" data-start=\"187\" data-end=\"253\"><strong data-start=\"191\" data-end=\"251\">Some By Mi - Tonico miracoloso 30 giorni AHA, BHA, PHA [150ml]<\/strong><\/h2>\n<p data-start=\"254\" data-end=\"315\"><strong data-start=\"254\" data-end=\"315\">Esfoliazione delicata. Risultati visibili. Un miracolo in bottiglia.<\/strong><\/p>\n<p data-start=\"317\" data-end=\"680\">Un tonico K-beauty di culto che ha conquistato milioni di utenti in tutto il mondo: un flacone venduto ogni 3 secondi! Formulato con una miscela potente di AHA, BHA, PHA, estratto di albero del t\u00e8 e niacinamide, questo tonico esfoliante elimina delicatamente le cellule morte della pelle, minimizza i brufoli, affina i pori e illumina la carnagione, il tutto senza irritare.<\/p>\n<h2 data-section-id=\"3u00wt\" data-start=\"687\" data-end=\"709\"><strong data-start=\"693\" data-end=\"709\">Vantaggi principali<\/strong><\/h2>\n<ul>\n<li data-start=\"711\" data-end=\"1159\">Esfoliazione multilivello con AHA (superficie), BHA (pori) e PHA (esfoliante idratante)<\/li>\n<li data-start=\"711\" data-end=\"1159\">L'acqua di foglie di Tea Tree (10.000 ppm) aiuta a lenire la pelle acneica e a ridurre l'infiammazione.<\/li>\n<li data-start=\"711\" data-end=\"1159\">La niacinamide uniforma il tono della pelle e illumina le aree spente<\/li>\n<li data-start=\"711\" data-end=\"1159\">L'adenosina distende le rughe e migliora l'elasticit\u00e0<\/li>\n<li data-start=\"711\" data-end=\"1159\">Mantiene un sano equilibrio del pH (5,5) per la protezione della barriera cutanea.<\/li>\n<li data-start=\"711\" data-end=\"1159\">Adatto alla pelle sensibile - dermatologicamente testato<\/li>\n<\/ul>\n<h2 data-section-id=\"1my4m5j\" data-start=\"1166\" data-end=\"1193\"><strong data-start=\"1173\" data-end=\"1193\">Ingredienti Star<\/strong><\/h2>\n<ul data-start=\"1195\" data-end=\"1703\">\n<li data-start=\"1195\" data-end=\"1284\">\n<p data-start=\"1197\" data-end=\"1284\"><strong data-start=\"1197\" data-end=\"1220\">AHA (acido glicolico)<\/strong> - esfolia delicatamente le cellule morte della pelle e ne migliora la texture<\/p>\n<\/li>\n<li data-start=\"1285\" data-end=\"1375\">\n<p data-start=\"1287\" data-end=\"1375\"><strong data-start=\"1287\" data-end=\"1311\">BHA (acido salicilico)<\/strong> - Pulisce l'interno dei pori, eliminando l'eccesso di sebo e i punti neri.<\/p>\n<\/li>\n<li data-start=\"1376\" data-end=\"1472\">\n<p data-start=\"1378\" data-end=\"1472\"><strong data-start=\"1378\" data-end=\"1404\">PHA (acido lattobionico)<\/strong> - offre un'esfoliazione delicata con benefici idratanti e illuminanti<\/p>\n<\/li>\n<li data-start=\"1473\" data-end=\"1548\">\n<p data-start=\"1475\" data-end=\"1548\"><strong data-start=\"1475\" data-end=\"1495\">Estratto di Tea Tree<\/strong> - Calma le irritazioni e purifica la pelle soggetta a imperfezioni.<\/p>\n<\/li>\n<li data-start=\"1549\" data-end=\"1631\">\n<p data-start=\"1551\" data-end=\"1631\"><strong data-start=\"1551\" data-end=\"1584\">Estratti di amamelide e papaia<\/strong> - supportano un'esfoliazione delicata e il controllo dell'olio<\/p>\n<\/li>\n<li data-start=\"1632\" data-end=\"1703\">\n<p data-start=\"1634\" data-end=\"1703\"><strong data-start=\"1634\" data-end=\"1661\">Niacinamide + Adenosina<\/strong> - illumina la pelle e riduce i segni del tempo<\/p>\n<\/li>\n<\/ul>\n<h2 data-section-id=\"5yxxt7\" data-start=\"1976\" data-end=\"1997\"><strong data-start=\"1982\" data-end=\"1997\">Perfetto per<\/strong><\/h2>\n<p data-start=\"1999\" data-end=\"2176\">- Pelle grassa e a tendenza acneica<br data-start=\"2029\" data-end=\"2032\" \/>- Tono della pelle spento o non uniforme<br data-start=\"2062\" data-end=\"2065\" \/>- Pori ostruiti, comedoni e bruciori di stomaco<br data-start=\"2111\" data-end=\"2114\" \/>- Pelle sensibile che necessita di un esfoliante delicato ma efficace<\/p>\n<p data-start=\"2183\" data-end=\"2336\">Preparatevi a sperimentare una pelle pi\u00f9 liscia, pi\u00f9 luminosa e pi\u00f9 chiara in soli 30 giorni, senza alcuna difficolt\u00e0. Questo \u00e8 il tonico che ha dato il via alla rivoluzione della cura della pelle.<\/p>","protected":false},"excerpt":{"rendered":"<p>Some By Mi \u2013 AHA, BHA, PHA 30 Days Miracle Toner [150ml] Gentle Exfoliation. Visible Results. Miracle in a Bottle.<\/p>","protected":false},"featured_media":3669,"comment_status":"open","ping_status":"closed","template":"","meta":[],"product_brand":[],"product_cat":[49,15,19],"product_tag":[],"class_list":{"0":"post-2165","1":"product","2":"type-product","3":"status-publish","4":"has-post-thumbnail","6":"product_cat-for-men","7":"product_cat-korean-routine","8":"product_cat-toner","10":"first","11":"instock","12":"purchasable","13":"product-type-simple"},"_links":{"self":[{"href":"https:\/\/yukibeauty.ch\/it\/wp-json\/wp\/v2\/product\/2165","targetHints":{"allow":["GET"]}}],"collection":[{"href":"https:\/\/yukibeauty.ch\/it\/wp-json\/wp\/v2\/product"}],"about":[{"href":"https:\/\/yukibeauty.ch\/it\/wp-json\/wp\/v2\/types\/product"}],"replies":[{"embeddable":true,"href":"https:\/\/yukibeauty.ch\/it\/wp-json\/wp\/v2\/comments?post=2165"}],"wp:featuredmedia":[{"embeddable":true,"href":"https:\/\/yukibeauty.ch\/it\/wp-json\/wp\/v2\/media\/3669"}],"wp:attachment":[{"href":"https:\/\/yukibeauty.ch\/it\/wp-json\/wp\/v2\/media?parent=2165"}],"wp:term":[{"taxonomy":"product_brand","embeddable":true,"href":"https:\/\/yukibeauty.ch\/it\/wp-json\/wp\/v2\/product_brand?post=2165"},{"taxonomy":"product_cat","embeddable":true,"href":"https:\/\/yukibeauty.ch\/it\/wp-json\/wp\/v2\/product_cat?post=2165"},{"taxonomy":"product_tag","embeddable":true,"href":"https:\/\/yukibeauty.ch\/it\/wp-json\/wp\/v2\/product_tag?post=2165"}],"curies":[{"name":"wp","href":"https:\/\/api.w.org\/{rel}","templated":true}]}}