{"id":2801,"date":"2025-07-25T15:15:18","date_gmt":"2025-07-25T13:15:18","guid":{"rendered":"https:\/\/yukibeauty.ch\/?post_type=product&#038;p=2801"},"modified":"2026-04-08T16:12:32","modified_gmt":"2026-04-08T14:12:32","slug":"the-stem-cell-face-mask","status":"publish","type":"product","link":"https:\/\/yukibeauty.ch\/it\/negozio\/routine-coreana\/masks\/the-stem-cell-face-mask\/","title":{"rendered":"Le cellule staminali - Maschera per il viso"},"content":{"rendered":"<h2 data-start=\"0\" data-end=\"77\"><strong data-start=\"0\" data-end=\"29\">Le cellule staminali - Maschera per il viso<\/strong><\/h2>\n<p data-start=\"0\" data-end=\"77\"><em data-start=\"32\" data-end=\"77\">Luminosit\u00e0 istantanea per la pelle stanca e spenta<\/em><\/p>\n<p data-start=\"79\" data-end=\"415\">Infuso con una potente miscela di <strong data-start=\"110\" data-end=\"149\">vitamine, minerali e aminoacidi<\/strong>Questa maschera rivitalizzante \u00e8 il trattamento ideale per la pelle spenta e affaticata. In pochi minuti, ripristina la luminosit\u00e0, affina la texture e prepara la pelle a un trucco impeccabile: \u00e8 l'ideale per una rapida spinta di bellezza prima di qualsiasi evento o ogni volta che la carnagione ha bisogno di una rinfrescata.<\/p>\n<h2 data-start=\"422\" data-end=\"440\"><strong data-start=\"422\" data-end=\"438\">Cosa fa<\/strong><\/h2>\n<ul data-start=\"441\" data-end=\"692\">\n<li data-start=\"441\" data-end=\"490\">\n<p data-start=\"443\" data-end=\"490\">Ricarica la pelle stanca con sostanze nutritive essenziali<\/p>\n<\/li>\n<li data-start=\"491\" data-end=\"537\">\n<p data-start=\"493\" data-end=\"537\">Illumina e migliora istantaneamente il tono della pelle<\/p>\n<\/li>\n<li data-start=\"538\" data-end=\"588\">\n<p data-start=\"540\" data-end=\"588\">Leviga e rassoda per un aspetto rinnovato e risollevato<\/p>\n<\/li>\n<li data-start=\"589\" data-end=\"646\">\n<p data-start=\"591\" data-end=\"646\">Perfetto trattamento pre-trucco per un'applicazione impeccabile<\/p>\n<\/li>\n<li data-start=\"647\" data-end=\"692\">\n<p data-start=\"649\" data-end=\"692\">Lascia la pelle morbida, luminosa e pronta per il trucco<\/p>\n<\/li>\n<\/ul>\n<h2 data-start=\"699\" data-end=\"720\"><strong data-start=\"699\" data-end=\"718\">Ingredienti chiave<\/strong><\/h2>\n<ul data-start=\"721\" data-end=\"928\">\n<li data-start=\"721\" data-end=\"785\">\n<p data-start=\"723\" data-end=\"785\"><strong data-start=\"723\" data-end=\"748\">Complesso multivitaminico<\/strong> - Energizza e illumina la pelle<\/p>\n<\/li>\n<li data-start=\"786\" data-end=\"870\">\n<p data-start=\"788\" data-end=\"870\"><strong data-start=\"788\" data-end=\"814\">Minerali e aminoacidi<\/strong> - Contribuisce a ripristinare l'equilibrio, l'idratazione e la levigatezza della texture<\/p>\n<\/li>\n<li data-start=\"871\" data-end=\"928\">\n<p data-start=\"873\" data-end=\"928\"><strong data-start=\"873\" data-end=\"895\">Estratti botanici<\/strong> - Calma e rinfresca la pelle stressata<\/p>\n<\/li>\n<\/ul>\n<h3 data-start=\"935\" data-end=\"1086\"><strong data-start=\"935\" data-end=\"951\">Adatto per<\/strong><\/h3>\n<p data-start=\"935\" data-end=\"1086\">Tutti i tipi di pelle, in particolare quella spenta, stanca o irregolare. Ideale da usare prima del trucco o dopo viaggi, notti in bianco o giornate stressanti.<\/p>","protected":false},"excerpt":{"rendered":"<p>Ricca di vitamine, minerali e aminoacidi, questa maschera rivitalizzante nutre la pelle stanca e spenta e aumenta istantaneamente la luminosit\u00e0: perfetta prima del trucco o ogni volta che la pelle ha bisogno di una rinfrescata.<\/p>","protected":false},"featured_media":4354,"comment_status":"open","ping_status":"closed","template":"","meta":[],"product_brand":[],"product_cat":[25,21],"product_tag":[],"class_list":{"0":"post-2801","1":"product","2":"type-product","3":"status-publish","4":"has-post-thumbnail","6":"product_cat-exclusive-face-masks","7":"product_cat-masks","9":"first","10":"instock","11":"sale","12":"shipping-taxable","13":"purchasable","14":"product-type-simple"},"_links":{"self":[{"href":"https:\/\/yukibeauty.ch\/it\/wp-json\/wp\/v2\/product\/2801","targetHints":{"allow":["GET"]}}],"collection":[{"href":"https:\/\/yukibeauty.ch\/it\/wp-json\/wp\/v2\/product"}],"about":[{"href":"https:\/\/yukibeauty.ch\/it\/wp-json\/wp\/v2\/types\/product"}],"replies":[{"embeddable":true,"href":"https:\/\/yukibeauty.ch\/it\/wp-json\/wp\/v2\/comments?post=2801"}],"wp:featuredmedia":[{"embeddable":true,"href":"https:\/\/yukibeauty.ch\/it\/wp-json\/wp\/v2\/media\/4354"}],"wp:attachment":[{"href":"https:\/\/yukibeauty.ch\/it\/wp-json\/wp\/v2\/media?parent=2801"}],"wp:term":[{"taxonomy":"product_brand","embeddable":true,"href":"https:\/\/yukibeauty.ch\/it\/wp-json\/wp\/v2\/product_brand?post=2801"},{"taxonomy":"product_cat","embeddable":true,"href":"https:\/\/yukibeauty.ch\/it\/wp-json\/wp\/v2\/product_cat?post=2801"},{"taxonomy":"product_tag","embeddable":true,"href":"https:\/\/yukibeauty.ch\/it\/wp-json\/wp\/v2\/product_tag?post=2801"}],"curies":[{"name":"wp","href":"https:\/\/api.w.org\/{rel}","templated":true}]}}