{"id":2802,"date":"2025-07-25T15:15:58","date_gmt":"2025-07-25T13:15:58","guid":{"rendered":"https:\/\/yukibeauty.ch\/?post_type=product&#038;p=2802"},"modified":"2026-04-08T16:12:12","modified_gmt":"2026-04-08T14:12:12","slug":"nmn-stem-cell-face-mask","status":"publish","type":"product","link":"https:\/\/yukibeauty.ch\/it\/negozio\/routine-coreana\/masks\/nmn-stem-cell-face-mask\/","title":{"rendered":"Maschera per il viso alle cellule staminali - NMN"},"content":{"rendered":"<h2 data-start=\"0\" data-end=\"99\"><strong data-start=\"0\" data-end=\"39\">Le cellule staminali - Maschera per il viso NMN con esosomi<\/strong><\/h2>\n<p data-start=\"0\" data-end=\"99\"><em data-start=\"42\" data-end=\"99\">Ringiovanimento di nuova generazione per una pelle giovane e luminosa<\/em><\/p>\n<p data-start=\"101\" data-end=\"462\">Il <strong data-start=\"175\" data-end=\"216\">Maschera viso alle cellule staminali NMN con esosomi<\/strong> \u00e8 un trattamento di nuova generazione che combina <a href=\"https:\/\/pmc.ncbi.nlm.nih.gov\/articles\/PMC7238909\/\" target=\"_blank\" rel=\"noopener\"><strong>NMN<\/strong><\/a> (Nicotinamide Mononucleotide) con dosi elevate di <strong data-start=\"175\" data-end=\"216\">Maschera viso alle cellule staminali NMN<\/strong>. Agendo a livello cellulare, energizza, rinnova e trasforma visibilmente la pelle. Grazie a un sistema di rilascio a nano-liposomi per un assorbimento profondo, questa maschera avanzata agisce su rughe, opacit\u00e0 e pigmentazione, restituendo alla pelle la sua naturale luminosit\u00e0, compattezza e forza.<\/p>\n<h2 data-start=\"469\" data-end=\"487\"><strong data-start=\"469\" data-end=\"485\">Cosa fa<\/strong><\/h2>\n<ul data-start=\"488\" data-end=\"743\">\n<li data-start=\"488\" data-end=\"538\">\n<p data-start=\"490\" data-end=\"538\">La maschera viso alle cellule staminali NMN d\u00e0 energia alle cellule della pelle e ne favorisce la rigenerazione.<\/p>\n<\/li>\n<li data-start=\"539\" data-end=\"591\">\n<p data-start=\"541\" data-end=\"591\">Attenua le macchie scure e inibisce la produzione di melanina<\/p>\n<\/li>\n<li data-start=\"592\" data-end=\"645\">\n<p data-start=\"594\" data-end=\"645\">Idrata e rassoda in profondit\u00e0 per un aspetto liftato<\/p>\n<\/li>\n<li data-start=\"646\" data-end=\"692\">\n<p data-start=\"648\" data-end=\"692\">Ripristina l'elasticit\u00e0 e attenua le rughe sottili<\/p>\n<\/li>\n<li data-start=\"693\" data-end=\"743\">\n<p data-start=\"695\" data-end=\"743\">Aumenta la luminosit\u00e0 e favorisce un tono uniforme della pelle<\/p>\n<\/li>\n<\/ul>\n<h2 data-start=\"750\" data-end=\"771\"><strong data-start=\"750\" data-end=\"769\">Ingredienti chiave<\/strong><\/h2>\n<ul data-start=\"772\" data-end=\"1150\">\n<li data-start=\"772\" data-end=\"891\">\n<p data-start=\"774\" data-end=\"891\">NMN (Nicotinamide Mononucleotide) - Una potente molecola che aumenta l'energia cellulare e favorisce la longevit\u00e0 della pelle.<\/p>\n<\/li>\n<li data-start=\"892\" data-end=\"987\">\n<p data-start=\"894\" data-end=\"987\">Esosomi da coltura di cellule staminali - Stimolano il rinnovamento e migliorano l'elasticit\u00e0 a un livello pi\u00f9 profondo.<\/p>\n<\/li>\n<li data-start=\"988\" data-end=\"1076\">\n<p data-start=\"990\" data-end=\"1076\">Nano-<a href=\"https:\/\/yukibeauty.ch\/it\/negozio\/routine-coreana\/masks\/stem-cell-bio-mask\/\" target=\"_blank\" rel=\"noopener\">Liposomi<\/a> - Migliora la veicolazione dei principi attivi per un assorbimento e un'efficacia ottimali<\/p>\n<\/li>\n<li data-start=\"1077\" data-end=\"1150\">\n<p data-start=\"1079\" data-end=\"1150\">Peptidi schiarenti - Contribuiscono a ridurre la pigmentazione e a favorire la luminosit\u00e0<\/p>\n<\/li>\n<\/ul>\n<h3 data-start=\"1157\" data-end=\"1329\"><strong data-start=\"1157\" data-end=\"1173\">Adatto per<\/strong><\/h3>\n<p data-start=\"1157\" data-end=\"1329\">La maschera viso alle cellule staminali NMN \u00e8 indicata per tutti i tipi di pelle che presentano segni di invecchiamento, tono non uniforme o stanchezza. \u00c8 particolarmente indicata per le pelli che presentano linee sottili, opacit\u00e0 e perdita di tonicit\u00e0.<\/p>","protected":false},"excerpt":{"rendered":"<p>Maschera per il viso di nuova generazione con NMN ed esosomi di cellule staminali ad alto dosaggio. Aiuta a combattere le rughe e le macchie scure, ripristinando l'idratazione, la compattezza e l'elasticit\u00e0.<\/p>","protected":false},"featured_media":2798,"comment_status":"open","ping_status":"closed","template":"","meta":[],"product_brand":[],"product_cat":[25,21],"product_tag":[],"class_list":{"0":"post-2802","1":"product","2":"type-product","3":"status-publish","4":"has-post-thumbnail","6":"product_cat-exclusive-face-masks","7":"product_cat-masks","9":"first","10":"instock","11":"sale","12":"shipping-taxable","13":"purchasable","14":"product-type-simple"},"_links":{"self":[{"href":"https:\/\/yukibeauty.ch\/it\/wp-json\/wp\/v2\/product\/2802","targetHints":{"allow":["GET"]}}],"collection":[{"href":"https:\/\/yukibeauty.ch\/it\/wp-json\/wp\/v2\/product"}],"about":[{"href":"https:\/\/yukibeauty.ch\/it\/wp-json\/wp\/v2\/types\/product"}],"replies":[{"embeddable":true,"href":"https:\/\/yukibeauty.ch\/it\/wp-json\/wp\/v2\/comments?post=2802"}],"wp:featuredmedia":[{"embeddable":true,"href":"https:\/\/yukibeauty.ch\/it\/wp-json\/wp\/v2\/media\/2798"}],"wp:attachment":[{"href":"https:\/\/yukibeauty.ch\/it\/wp-json\/wp\/v2\/media?parent=2802"}],"wp:term":[{"taxonomy":"product_brand","embeddable":true,"href":"https:\/\/yukibeauty.ch\/it\/wp-json\/wp\/v2\/product_brand?post=2802"},{"taxonomy":"product_cat","embeddable":true,"href":"https:\/\/yukibeauty.ch\/it\/wp-json\/wp\/v2\/product_cat?post=2802"},{"taxonomy":"product_tag","embeddable":true,"href":"https:\/\/yukibeauty.ch\/it\/wp-json\/wp\/v2\/product_tag?post=2802"}],"curies":[{"name":"wp","href":"https:\/\/api.w.org\/{rel}","templated":true}]}}