{"id":3838,"date":"2025-07-30T12:10:00","date_gmt":"2025-07-30T10:10:00","guid":{"rendered":"https:\/\/yukibeauty.ch\/?post_type=product&#038;p=3838"},"modified":"2025-10-27T08:54:10","modified_gmt":"2025-10-27T07:54:10","slug":"heartleaf-set","status":"publish","type":"product","link":"https:\/\/yukibeauty.ch\/it\/negozio\/routine-coreana\/exfoliatiors\/heartleaf-set\/","title":{"rendered":"Set per il rinnovamento della pelle a base di foglie di cuore e propoli"},"content":{"rendered":"<h2 data-start=\"201\" data-end=\"248\">Set di trattamenti per la pelle a base di foglie di cuore e propoli<\/h2>\n<p data-start=\"249\" data-end=\"381\"><strong data-start=\"249\" data-end=\"277\">Esfoliare. Lenire. Illuminare.<\/strong><br data-start=\"277\" data-end=\"280\" \/>Un duo delicato e barriera per una texture pi\u00f9 liscia, un'idratazione equilibrata e una sana resilienza della pelle.<\/p>\n<p data-start=\"383\" data-end=\"724\">Il set per il rinnovamento della pelle Heartleaf &amp; Propolis riunisce due elementi essenziali di K-beauty che si completano perfettamente: un gel peeling delicato a base di LHA che libera i pori e affina la grana, e una fiala di propoli, un prodotto cult, che idrata, lenisce e ridona luminosit\u00e0. Ideale per pelli spente, sensibili o congestionate che necessitano di un rinnovamento tranquillo.<\/p>\n<h2 data-start=\"731\" data-end=\"777\"><strong data-start=\"738\" data-end=\"777\">Cosa contiene e perch\u00e9 vi piacer\u00e0:<\/strong><\/h2>\n<h3 data-start=\"779\" data-end=\"840\"><strong data-start=\"784\" data-end=\"838\">1. Anua Heartleaf Gel peeling idratante all'LHA (120ml)<\/strong><\/h3>\n<p data-start=\"841\" data-end=\"1038\">Un gel esfoliante delicato con LHA, Foglia di cuore, Sodio ialuronato e Quercetina che rimuove delicatamente le cellule morte, libera i pori e leviga la texture, il tutto idratando e lenendo la pelle.<\/p>\n<h3 data-start=\"1040\" data-end=\"1059\"><strong data-start=\"1040\" data-end=\"1057\">Vantaggi principali:<\/strong><\/h3>\n<ul data-start=\"1060\" data-end=\"1283\">\n<li data-start=\"1060\" data-end=\"1108\">\n<p data-start=\"1062\" data-end=\"1108\">Esfoliazione senza striature per pelli sensibili<\/p>\n<\/li>\n<li data-start=\"1109\" data-end=\"1156\">\n<p data-start=\"1111\" data-end=\"1156\">Riduce comedoni, congestione e opacit\u00e0<\/p>\n<\/li>\n<li data-start=\"1157\" data-end=\"1189\">\n<p data-start=\"1159\" data-end=\"1189\">Calma gli arrossamenti e le irritazioni<\/p>\n<\/li>\n<li data-start=\"1190\" data-end=\"1227\">\n<p data-start=\"1192\" data-end=\"1227\">Aumenta l'idratazione e la chiarezza della pelle<\/p>\n<\/li>\n<li data-start=\"1228\" data-end=\"1283\">\n<p data-start=\"1230\" data-end=\"1283\">Protezione antiossidante contro i danni ambientali<\/p>\n<\/li>\n<\/ul>\n<h3 data-start=\"1290\" data-end=\"1348\"><strong data-start=\"1295\" data-end=\"1346\">2. COSRX Full Fit Propoli Light Fiala (30ml)<\/strong><\/h3>\n<p data-start=\"1349\" data-end=\"1587\">Un siero pluripremiato con 83.25% estratto di propoli di ape nera, ricco di antiossidanti e composti antinfiammatori. Rafforza la barriera, migliora la luminosit\u00e0 e calma la pelle irritata o affaticata, con una finitura morbida e non appiccicosa.<\/p>\n<h3 data-start=\"1589\" data-end=\"1608\"><strong data-start=\"1589\" data-end=\"1606\">Vantaggi principali:<\/strong><\/h3>\n<ul data-start=\"1609\" data-end=\"1812\">\n<li data-start=\"1609\" data-end=\"1642\">\n<p data-start=\"1611\" data-end=\"1642\">Idrata e nutre in profondit\u00e0<\/p>\n<\/li>\n<li data-start=\"1643\" data-end=\"1691\">\n<p data-start=\"1645\" data-end=\"1691\">Riduce gli arrossamenti e rafforza la barriera cutanea<\/p>\n<\/li>\n<li data-start=\"1692\" data-end=\"1735\">\n<p data-start=\"1694\" data-end=\"1735\">Fornisce un trattamento antibatterico e calmante<\/p>\n<\/li>\n<li data-start=\"1736\" data-end=\"1767\">\n<p data-start=\"1738\" data-end=\"1767\">Lascia una luminosit\u00e0 sana e luminosa<\/p>\n<\/li>\n<li data-start=\"1768\" data-end=\"1812\">\n<p data-start=\"1770\" data-end=\"1812\">Ingredienti minimi, tutti EWG Green Grade<\/p>\n<\/li>\n<\/ul>\n<h3><strong data-start=\"2340\" data-end=\"2356\">Perfetto per:<\/strong><\/h3>\n<ul data-start=\"2359\" data-end=\"2584\">\n<li data-start=\"2359\" data-end=\"2396\">\n<p data-start=\"2361\" data-end=\"2396\">Pelle sensibile, opaca o reattiva<\/p>\n<\/li>\n<li data-start=\"2397\" data-end=\"2444\">\n<p data-start=\"2399\" data-end=\"2444\">Congestione, pori ostruiti o struttura ruvida<\/p>\n<\/li>\n<li data-start=\"2445\" data-end=\"2489\">\n<p data-start=\"2447\" data-end=\"2489\">Arrossamento, infiammazione o danni alla barriera<\/p>\n<\/li>\n<li data-start=\"2490\" data-end=\"2522\">\n<p data-start=\"2492\" data-end=\"2522\">Idratazione senza untuosit\u00e0<\/p>\n<\/li>\n<li data-start=\"2523\" data-end=\"2584\">\n<p data-start=\"2525\" data-end=\"2584\">Una carnagione liscia e luminosa, equilibrata e serena<\/p>\n<\/li>\n<\/ul>\n<h4 data-start=\"2591\" data-end=\"2733\"><strong data-start=\"2591\" data-end=\"2627\">Rinnovamento delicato. Risultati visibili.<\/strong><\/h4>\n<p data-start=\"2591\" data-end=\"2733\">Questo set di trattamenti per la pelle a base di foglie di cuore e propoli ripristina la pelle senza irritazioni, per un aspetto pi\u00f9 chiaro, pi\u00f9 luminoso e pi\u00f9 resistente.<\/p>","protected":false},"excerpt":{"rendered":"<p>Heartleaf &amp; Propolis Skincare Set Exfoliate. Soothe. Glow.A gentle, barrier-friendly duo for smoother texture, balanced hydration, and healthy skin resilience.<\/p>","protected":false},"featured_media":3707,"comment_status":"open","ping_status":"closed","template":"","meta":[],"product_brand":[],"product_cat":[18,312,320],"product_tag":[],"class_list":{"0":"post-3838","1":"product","2":"type-product","3":"status-publish","4":"has-post-thumbnail","6":"product_cat-exfoliatiors","7":"product_cat-serum","8":"product_cat-sets","10":"first","11":"instock","12":"purchasable","13":"product-type-woosb"},"_links":{"self":[{"href":"https:\/\/yukibeauty.ch\/it\/wp-json\/wp\/v2\/product\/3838","targetHints":{"allow":["GET"]}}],"collection":[{"href":"https:\/\/yukibeauty.ch\/it\/wp-json\/wp\/v2\/product"}],"about":[{"href":"https:\/\/yukibeauty.ch\/it\/wp-json\/wp\/v2\/types\/product"}],"replies":[{"embeddable":true,"href":"https:\/\/yukibeauty.ch\/it\/wp-json\/wp\/v2\/comments?post=3838"}],"wp:featuredmedia":[{"embeddable":true,"href":"https:\/\/yukibeauty.ch\/it\/wp-json\/wp\/v2\/media\/3707"}],"wp:attachment":[{"href":"https:\/\/yukibeauty.ch\/it\/wp-json\/wp\/v2\/media?parent=3838"}],"wp:term":[{"taxonomy":"product_brand","embeddable":true,"href":"https:\/\/yukibeauty.ch\/it\/wp-json\/wp\/v2\/product_brand?post=3838"},{"taxonomy":"product_cat","embeddable":true,"href":"https:\/\/yukibeauty.ch\/it\/wp-json\/wp\/v2\/product_cat?post=3838"},{"taxonomy":"product_tag","embeddable":true,"href":"https:\/\/yukibeauty.ch\/it\/wp-json\/wp\/v2\/product_tag?post=3838"}],"curies":[{"name":"wp","href":"https:\/\/api.w.org\/{rel}","templated":true}]}}