{"id":3844,"date":"2025-07-30T13:08:23","date_gmt":"2025-07-30T11:08:23","guid":{"rendered":"https:\/\/yukibeauty.ch\/?post_type=product&#038;p=3844"},"modified":"2025-12-02T17:44:00","modified_gmt":"2025-12-02T16:44:00","slug":"full-hydration-set","status":"publish","type":"product","link":"https:\/\/yukibeauty.ch\/it\/negozio\/routine-coreana\/cleanser\/full-hydration-set\/","title":{"rendered":"Set completo di pulizia e idratazione"},"content":{"rendered":"<h2 data-start=\"187\" data-end=\"227\"><strong data-start=\"191\" data-end=\"225\">Set completo di pulizia e idratazione<\/strong><\/h2>\n<p data-start=\"228\" data-end=\"255\"><strong data-start=\"228\" data-end=\"255\">Pulizia profonda. Calma. Splendore.<\/strong><\/p>\n<p data-start=\"257\" data-end=\"585\">Un rituale completo in 4 fasi per resettare la pelle, dalla rimozione delle impurit\u00e0 alla ricostruzione dell'idratazione e della luminosit\u00e0. Questo set completo per la pulizia e l'idratazione \u00e8 perfetto per le pelli sensibili, disidratate o spente che necessitano di un trattamento delicato ma efficace. Include un'acqua micellare detergente, un tonico esfoliante, una fiala lenitiva e una crema illuminante ricca di vitamine.<\/p>\n<h2 data-start=\"592\" data-end=\"665\"><a href=\"https:\/\/yukibeauty.ch\/it\/negozio\/routine-coreana\/cleanser\/cosrx-low-ph-niacinamide-micellar-cleansing-water\/\" target=\"_blank\" rel=\"noopener\"><strong data-start=\"599\" data-end=\"663\">1. COSRX Acqua micellare detergente alla niacinamide a basso pH (400 ml)<\/strong><\/a><\/h2>\n<p data-start=\"666\" data-end=\"781\">L'essenziale per la pulizia quotidiana: rimuove il trucco e il sebo senza alterare la barriera cutanea.<\/p>\n<h3 data-start=\"666\" data-end=\"781\"><strong data-start=\"766\" data-end=\"779\">Vantaggi:<\/strong><\/h3>\n<ul data-start=\"782\" data-end=\"1018\">\n<li data-start=\"782\" data-end=\"826\">\n<p data-start=\"784\" data-end=\"826\">Dissolve lo sporco, l'SPF e il trucco pi\u00f9 ostinato<\/p>\n<\/li>\n<li data-start=\"827\" data-end=\"875\">\n<p data-start=\"829\" data-end=\"875\">Riduce l'eccesso di olio, i punti neri e le opacit\u00e0<\/p>\n<\/li>\n<li data-start=\"876\" data-end=\"927\">\n<p data-start=\"878\" data-end=\"927\">La niacinamide e lo zinco affinano i pori e tonificano la pelle<\/p>\n<\/li>\n<li data-start=\"928\" data-end=\"973\">\n<p data-start=\"930\" data-end=\"973\">Lenisce le irritazioni e ripristina l'idratazione<\/p>\n<\/li>\n<li data-start=\"974\" data-end=\"1018\">\n<p data-start=\"976\" data-end=\"1018\">Non \u00e8 necessario risciacquare - adatto per AM\/PM<\/p>\n<\/li>\n<\/ul>\n<h2 data-start=\"1025\" data-end=\"1090\"><a href=\"https:\/\/yukibeauty.ch\/it\/negozio\/routine-coreana\/toner\/skin1004-madagascar-centella-toning-toner\/\" target=\"_blank\" rel=\"noopener\"><strong data-start=\"1032\" data-end=\"1088\">2. SKIN1004 Tonico alla centella del Madagascar (210 ml)<\/strong><\/a><\/h2>\n<p data-start=\"1091\" data-end=\"1158\">La delicata esfoliazione quotidiana incontra l'idratazione calmante.<\/p>\n<h3 data-start=\"1091\" data-end=\"1158\"><strong data-start=\"1143\" data-end=\"1156\">Vantaggi:<\/strong><\/h3>\n<ul data-start=\"1159\" data-end=\"1368\">\n<li data-start=\"1159\" data-end=\"1196\">\n<p data-start=\"1161\" data-end=\"1196\">Il PHA esfolia senza irritare<\/p>\n<\/li>\n<li data-start=\"1197\" data-end=\"1238\">\n<p data-start=\"1199\" data-end=\"1238\">84% La centella asiatica lenisce gli arrossamenti<\/p>\n<\/li>\n<li data-start=\"1239\" data-end=\"1281\">\n<p data-start=\"1241\" data-end=\"1281\">Illumina il tono e favorisce l'antinvecchiamento<\/p>\n<\/li>\n<li data-start=\"1282\" data-end=\"1326\">\n<p data-start=\"1284\" data-end=\"1326\">Prepara la pelle per un migliore assorbimento del prodotto<\/p>\n<\/li>\n<li data-start=\"1327\" data-end=\"1368\">\n<p data-start=\"1329\" data-end=\"1368\">Sicuro per la pelle sensibile o sensibilizzata<\/p>\n<\/li>\n<\/ul>\n<h2 data-start=\"1375\" data-end=\"1435\"><a href=\"https:\/\/yukibeauty.ch\/it\/negozio\/routine-coreana\/serum\/skin1004-madagascar-centella-ampoule\/\" target=\"_blank\" rel=\"noopener\"><strong data-start=\"1382\" data-end=\"1433\">3. SKIN1004 Ampolla di centella del Madagascar (100ml)<\/strong><\/a><\/h2>\n<p data-start=\"1436\" data-end=\"1508\">100% siero puro di Centella per calmare, riparare e idratare.<\/p>\n<h3 data-start=\"1436\" data-end=\"1508\"><strong data-start=\"1493\" data-end=\"1506\">Vantaggi:<\/strong><\/h3>\n<ul data-start=\"1509\" data-end=\"1732\">\n<li data-start=\"1509\" data-end=\"1555\">\n<p data-start=\"1511\" data-end=\"1555\">Monocomponente: senza additivi n\u00e9 riempitivi<\/p>\n<\/li>\n<li data-start=\"1556\" data-end=\"1603\">\n<p data-start=\"1558\" data-end=\"1603\">Idrata in profondit\u00e0 e supporta la riparazione della barriera<\/p>\n<\/li>\n<li data-start=\"1604\" data-end=\"1645\">\n<p data-start=\"1606\" data-end=\"1645\">Aiuta a ridurre arrossamenti e infiammazioni<\/p>\n<\/li>\n<li data-start=\"1646\" data-end=\"1689\">\n<p data-start=\"1648\" data-end=\"1689\">Leggero, a rapido assorbimento, non appiccicoso<\/p>\n<\/li>\n<li data-start=\"1690\" data-end=\"1732\">\n<p data-start=\"1692\" data-end=\"1732\">Ideale per la pelle irritata o a tendenza acneica<\/p>\n<\/li>\n<\/ul>\n<h2 data-start=\"1739\" data-end=\"1795\"><a href=\"https:\/\/yukibeauty.ch\/it\/negozio\/routine-coreana\/crema-viso\/medicube-deep-vita-c-capsule-cream\/\" target=\"_blank\" rel=\"noopener\"><strong data-start=\"1745\" data-end=\"1793\">4. Medicube Deep Vita C Crema in capsule (50 ml)<\/strong><\/a><\/h2>\n<p data-start=\"1796\" data-end=\"1869\">Una crema a doppia texture per illuminare, idratare e proteggere.<\/p>\n<h3 data-start=\"1796\" data-end=\"1869\"><strong data-start=\"1854\" data-end=\"1867\">Vantaggi:<\/strong><\/h3>\n<ul data-start=\"1870\" data-end=\"2116\">\n<li data-start=\"1870\" data-end=\"1918\">\n<p data-start=\"1872\" data-end=\"1918\">Vitamina C incapsulata per la massima freschezza<\/p>\n<\/li>\n<li data-start=\"1919\" data-end=\"1970\">\n<p data-start=\"1921\" data-end=\"1970\">Agisce su pigmentazione, opacit\u00e0 e tono non uniforme<\/p>\n<\/li>\n<li data-start=\"1971\" data-end=\"2024\">\n<p data-start=\"1973\" data-end=\"2024\">L'acido ferulico e la vitamina E combattono lo stress ossidativo<\/p>\n<\/li>\n<li data-start=\"2025\" data-end=\"2071\">\n<p data-start=\"2027\" data-end=\"2071\">Migliora l'elasticit\u00e0 e attenua le rughe sottili<\/p>\n<\/li>\n<li data-start=\"2072\" data-end=\"2116\">\n<p data-start=\"2074\" data-end=\"2116\">Texture personalizzabile (miscela di gel e capsule)<\/p>\n<\/li>\n<\/ul>\n<h3 data-start=\"2560\" data-end=\"2582\"><strong data-start=\"2567\" data-end=\"2580\">Ideale per:<\/strong><\/h3>\n<ul data-start=\"2583\" data-end=\"2769\">\n<li data-start=\"2583\" data-end=\"2621\">\n<p data-start=\"2585\" data-end=\"2621\">Pelle disidratata, opaca o stressata<\/p>\n<\/li>\n<li data-start=\"2622\" data-end=\"2658\">\n<p data-start=\"2624\" data-end=\"2658\">Tipi di pelle sensibili o reattivi<\/p>\n<\/li>\n<li data-start=\"2659\" data-end=\"2693\">\n<p data-start=\"2661\" data-end=\"2693\">Tono irregolare o segni post-acneici<\/p>\n<\/li>\n<li data-start=\"2694\" data-end=\"2729\">\n<p data-start=\"2696\" data-end=\"2729\">Esfoliazione giornaliera non abrasiva<\/p>\n<\/li>\n<li data-start=\"2730\" data-end=\"2769\">\n<p data-start=\"2732\" data-end=\"2769\">Riparazione della barriera e delicata schiaritura<\/p>\n<\/li>\n<\/ul>\n<p data-start=\"2964\" data-end=\"3090\"><strong data-start=\"2964\" data-end=\"3023\">Una luminosit\u00e0 che si sente. Una routine che rispetta la vostra pelle.<\/strong><br data-start=\"3023\" data-end=\"3026\" \/>Rendere la cura della pelle facile, calmante ed efficace. Un passo alla volta con il Set completo di pulizia e idratazione<\/p>","protected":false},"excerpt":{"rendered":"<p>Full Cleansing &amp; Hydration Set Deep Clean. Calm. Glow. A complete 4-step ritual to reset your skin from removing impurities<\/p>","protected":false},"featured_media":4547,"comment_status":"open","ping_status":"closed","template":"","meta":[],"product_brand":[],"product_cat":[26,17,313,310,23,333,315,312,320,19,314],"product_tag":[],"class_list":{"0":"post-3844","1":"product","2":"type-product","3":"status-publish","4":"has-post-thumbnail","6":"product_cat-beauty-tools","7":"product_cat-cleanser","8":"product_cat-cleanser-for-men","9":"product_cat-cream","10":"product_cat-face-cream","11":"product_cat-men-sets","12":"product_cat-serum-for-men","13":"product_cat-serum","14":"product_cat-sets","15":"product_cat-toner","16":"product_cat-toner-for-men","18":"first","19":"outofstock","20":"sale","21":"purchasable","22":"product-type-woosb"},"_links":{"self":[{"href":"https:\/\/yukibeauty.ch\/it\/wp-json\/wp\/v2\/product\/3844","targetHints":{"allow":["GET"]}}],"collection":[{"href":"https:\/\/yukibeauty.ch\/it\/wp-json\/wp\/v2\/product"}],"about":[{"href":"https:\/\/yukibeauty.ch\/it\/wp-json\/wp\/v2\/types\/product"}],"replies":[{"embeddable":true,"href":"https:\/\/yukibeauty.ch\/it\/wp-json\/wp\/v2\/comments?post=3844"}],"wp:featuredmedia":[{"embeddable":true,"href":"https:\/\/yukibeauty.ch\/it\/wp-json\/wp\/v2\/media\/4547"}],"wp:attachment":[{"href":"https:\/\/yukibeauty.ch\/it\/wp-json\/wp\/v2\/media?parent=3844"}],"wp:term":[{"taxonomy":"product_brand","embeddable":true,"href":"https:\/\/yukibeauty.ch\/it\/wp-json\/wp\/v2\/product_brand?post=3844"},{"taxonomy":"product_cat","embeddable":true,"href":"https:\/\/yukibeauty.ch\/it\/wp-json\/wp\/v2\/product_cat?post=3844"},{"taxonomy":"product_tag","embeddable":true,"href":"https:\/\/yukibeauty.ch\/it\/wp-json\/wp\/v2\/product_tag?post=3844"}],"curies":[{"name":"wp","href":"https:\/\/api.w.org\/{rel}","templated":true}]}}