{"id":3861,"date":"2025-07-30T13:36:59","date_gmt":"2025-07-30T11:36:59","guid":{"rendered":"https:\/\/yukibeauty.ch\/?post_type=product&#038;p=3861"},"modified":"2025-10-28T09:05:57","modified_gmt":"2025-10-28T08:05:57","slug":"anua-glow-set-essentials","status":"publish","type":"product","link":"https:\/\/yukibeauty.ch\/it\/negozio\/routine-coreana\/serum\/anua-glow-set-essentials\/","title":{"rendered":"Anua Elementi essenziali per la luminosit\u00e0 e lo splendore"},"content":{"rendered":"<h2 data-start=\"92\" data-end=\"136\"><strong data-start=\"96\" data-end=\"134\">Anua Elementi essenziali per la luminosit\u00e0 e lo splendore<\/strong><\/h2>\n<p data-start=\"137\" data-end=\"214\"><strong data-start=\"137\" data-end=\"214\">Per contrastare le macchie scure, l'opacit\u00e0 e le irregolarit\u00e0 del tono con questo duo di prodotti per la luminosit\u00e0.<\/strong><\/p>\n<p data-start=\"216\" data-end=\"529\">Una routine illuminante in 2 fasi, delicata ma potente, che agisce per attenuare le macchie scure, uniformare il tono della pelle e donare un incarnato fresco e luminoso. Il Set Essenziale Anua Brightening &amp; Glow associa le alte prestazioni di <strong data-start=\"394\" data-end=\"421\">Niacinamide + TXA Siero<\/strong> con il nutrimento <strong data-start=\"442\" data-end=\"470\">Rice 70 Glow Tonico lattiginoso<\/strong> per una pelle visibilmente pi\u00f9 liscia, chiara e naturalmente luminosa.<\/p>\n<h2 data-start=\"536\" data-end=\"593\"><a href=\"https:\/\/yukibeauty.ch\/it\/negozio\/per-gli-uomini\/serum-for-men\/niacinamide-serum\/\" target=\"_blank\" rel=\"noopener\"><strong data-start=\"542\" data-end=\"591\">1. Anua Niacinamide 10% + TXA 4% Siero [30ml]<\/strong><\/a><\/h2>\n<p data-start=\"594\" data-end=\"685\">Un trattamento mirato per ridurre le cicatrici da acne, la pigmentazione e gli arrossamenti.<\/p>\n<h3 data-start=\"594\" data-end=\"685\"><strong data-start=\"666\" data-end=\"683\">Vantaggi principali:<\/strong><\/h3>\n<ul data-start=\"686\" data-end=\"917\">\n<li data-start=\"686\" data-end=\"738\">\n<p data-start=\"688\" data-end=\"738\">Illumina e uniforma il tono della pelle senza irritazioni<\/p>\n<\/li>\n<li data-start=\"739\" data-end=\"779\">\n<p data-start=\"741\" data-end=\"779\">Attenua le macchie scure e i segni post-acneici<\/p>\n<\/li>\n<li data-start=\"780\" data-end=\"817\">\n<p data-start=\"782\" data-end=\"817\">Affina i pori e leviga la texture<\/p>\n<\/li>\n<li data-start=\"818\" data-end=\"861\">\n<p data-start=\"820\" data-end=\"861\">Rafforza la barriera cutanea con le ceramidi<\/p>\n<\/li>\n<li data-start=\"862\" data-end=\"917\">\n<p data-start=\"864\" data-end=\"917\">Formula leggera, priva di profumo e a rapido assorbimento<\/p>\n<\/li>\n<\/ul>\n<h3 data-start=\"919\" data-end=\"942\"><strong data-start=\"919\" data-end=\"940\">Ingredienti principali:<\/strong><\/h3>\n<ul data-start=\"943\" data-end=\"1184\">\n<li data-start=\"943\" data-end=\"1013\">\n<p data-start=\"945\" data-end=\"1013\"><strong data-start=\"945\" data-end=\"964\">10% Niacinamide<\/strong> - Anti-arrossamento, perfezionamento dei pori e luminosit\u00e0<\/p>\n<\/li>\n<li data-start=\"1014\" data-end=\"1068\">\n<p data-start=\"1016\" data-end=\"1068\"><strong data-start=\"1016\" data-end=\"1038\">4% Acido tranexamico<\/strong> - Riduce l'iperpigmentazione<\/p>\n<\/li>\n<li data-start=\"1069\" data-end=\"1116\">\n<p data-start=\"1071\" data-end=\"1116\"><strong data-start=\"1071\" data-end=\"1085\">2% Arbutina<\/strong> - Schiarisce delicatamente le macchie scure<\/p>\n<\/li>\n<li data-start=\"1117\" data-end=\"1184\">\n<p data-start=\"1119\" data-end=\"1184\"><strong data-start=\"1119\" data-end=\"1150\">Acido ialuronico + Ceramidi<\/strong> - Supporto all'idratazione e alla barriera<\/p>\n<\/li>\n<\/ul>\n<h2 data-start=\"1191\" data-end=\"1245\"><a href=\"https:\/\/yukibeauty.ch\/it\/negozio\/per-gli-uomini\/toner-for-men\/rice-milky-toner\/\" target=\"_blank\" rel=\"noopener\"><strong data-start=\"1198\" data-end=\"1243\">2. Anua Rice 70% Tonico Latteo Luminoso [250ml]<\/strong><\/a><\/h2>\n<p data-start=\"1246\" data-end=\"1328\">Un tonico lattiginoso e lenitivo per l'illuminazione e l'idratazione quotidiana.<\/p>\n<h3 data-start=\"1246\" data-end=\"1328\"><strong data-start=\"1309\" data-end=\"1326\">Vantaggi principali:<\/strong><\/h3>\n<ul data-start=\"1329\" data-end=\"1567\">\n<li data-start=\"1329\" data-end=\"1385\">\n<p data-start=\"1331\" data-end=\"1385\">Illumina la pelle opaca e irregolare con l'acqua di crusca di riso 70%<\/p>\n<\/li>\n<li data-start=\"1386\" data-end=\"1438\">\n<p data-start=\"1388\" data-end=\"1438\">Idrata in profondit\u00e0 grazie all'acido ialuronico e alla betaina<\/p>\n<\/li>\n<li data-start=\"1439\" data-end=\"1487\">\n<p data-start=\"1441\" data-end=\"1487\">Calma le irritazioni e favorisce la riparazione della barriera<\/p>\n<\/li>\n<li data-start=\"1488\" data-end=\"1523\">\n<p data-start=\"1490\" data-end=\"1523\">Rafforza la pelle con le ceramidi<\/p>\n<\/li>\n<li data-start=\"1524\" data-end=\"1567\">\n<p data-start=\"1526\" data-end=\"1567\">Leggero, non appiccicoso, senza profumo<\/p>\n<\/li>\n<\/ul>\n<h3 data-start=\"1569\" data-end=\"1592\"><strong data-start=\"1569\" data-end=\"1590\">Ingredienti principali:<\/strong><\/h3>\n<ul data-start=\"1593\" data-end=\"1834\">\n<li data-start=\"1593\" data-end=\"1666\">\n<p data-start=\"1595\" data-end=\"1666\"><strong data-start=\"1595\" data-end=\"1620\">Acqua di crusca di riso (70%)<\/strong> - Amminoacidi rivitalizzanti e antiossidanti<\/p>\n<\/li>\n<li data-start=\"1667\" data-end=\"1723\">\n<p data-start=\"1669\" data-end=\"1723\"><strong data-start=\"1669\" data-end=\"1684\">Niacinamide<\/strong> - Esalta la luminosit\u00e0 e migliora la consistenza<\/p>\n<\/li>\n<li data-start=\"1724\" data-end=\"1773\">\n<p data-start=\"1726\" data-end=\"1773\"><strong data-start=\"1726\" data-end=\"1746\">Ceramide AP e NP<\/strong> - Rinforzare la barriera cutanea<\/p>\n<\/li>\n<li data-start=\"1774\" data-end=\"1834\">\n<p data-start=\"1776\" data-end=\"1834\"><strong data-start=\"1776\" data-end=\"1811\">Pantenolo, glicerina e allantoina<\/strong> - Lenire e proteggere<\/p>\n<\/li>\n<\/ul>\n<h3><strong data-start=\"2098\" data-end=\"2112\">Ideale per:<\/strong><\/h3>\n<ul data-start=\"2115\" data-end=\"2261\">\n<li data-start=\"2115\" data-end=\"2145\">\n<p data-start=\"2117\" data-end=\"2145\">Pelle dall'aspetto spento o stanco<\/p>\n<\/li>\n<li data-start=\"2146\" data-end=\"2190\">\n<p data-start=\"2148\" data-end=\"2190\">Macchie scure, arrossamenti e macchie post-acneiche<\/p>\n<\/li>\n<li data-start=\"2191\" data-end=\"2222\">\n<p data-start=\"2193\" data-end=\"2222\">Tono o consistenza della pelle non uniformi<\/p>\n<\/li>\n<li data-start=\"2223\" data-end=\"2261\">\n<p data-start=\"2225\" data-end=\"2261\">Pelle sensibile e soggetta a irritazioni<\/p>\n<\/li>\n<\/ul>","protected":false},"excerpt":{"rendered":"<p>Anua Brightening &amp; Glow Essentials Target dark spots, dullness &amp; uneven tone with this radiance-boosting duo A gentle yet powerful<\/p>","protected":false},"featured_media":3693,"comment_status":"open","ping_status":"closed","template":"","meta":[],"product_brand":[],"product_cat":[312,320,19],"product_tag":[],"class_list":{"0":"post-3861","1":"product","2":"type-product","3":"status-publish","4":"has-post-thumbnail","6":"product_cat-serum","7":"product_cat-sets","8":"product_cat-toner","10":"first","11":"outofstock","12":"purchasable","13":"product-type-woosb"},"_links":{"self":[{"href":"https:\/\/yukibeauty.ch\/it\/wp-json\/wp\/v2\/product\/3861","targetHints":{"allow":["GET"]}}],"collection":[{"href":"https:\/\/yukibeauty.ch\/it\/wp-json\/wp\/v2\/product"}],"about":[{"href":"https:\/\/yukibeauty.ch\/it\/wp-json\/wp\/v2\/types\/product"}],"replies":[{"embeddable":true,"href":"https:\/\/yukibeauty.ch\/it\/wp-json\/wp\/v2\/comments?post=3861"}],"wp:featuredmedia":[{"embeddable":true,"href":"https:\/\/yukibeauty.ch\/it\/wp-json\/wp\/v2\/media\/3693"}],"wp:attachment":[{"href":"https:\/\/yukibeauty.ch\/it\/wp-json\/wp\/v2\/media?parent=3861"}],"wp:term":[{"taxonomy":"product_brand","embeddable":true,"href":"https:\/\/yukibeauty.ch\/it\/wp-json\/wp\/v2\/product_brand?post=3861"},{"taxonomy":"product_cat","embeddable":true,"href":"https:\/\/yukibeauty.ch\/it\/wp-json\/wp\/v2\/product_cat?post=3861"},{"taxonomy":"product_tag","embeddable":true,"href":"https:\/\/yukibeauty.ch\/it\/wp-json\/wp\/v2\/product_tag?post=3861"}],"curies":[{"name":"wp","href":"https:\/\/api.w.org\/{rel}","templated":true}]}}