{"id":5196,"date":"2025-12-28T10:30:11","date_gmt":"2025-12-28T09:30:11","guid":{"rendered":"https:\/\/yukibeauty.ch\/?post_type=product&#038;p=5196"},"modified":"2025-12-28T11:00:51","modified_gmt":"2025-12-28T10:00:51","slug":"anua-pore-refining-exosome-set","status":"publish","type":"product","link":"https:\/\/yukibeauty.ch\/it\/negozio\/routine-coreana\/cleanser\/anua-pore-refining-exosome-set\/","title":{"rendered":"Anua Pore Refining Exosome Set"},"content":{"rendered":"<h2 data-start=\"143\" data-end=\"185\"><strong data-start=\"147\" data-end=\"185\">Anua Pore Refining Exosome Set<\/strong><\/h2>\n<p data-start=\"186\" data-end=\"243\"><strong data-start=\"186\" data-end=\"243\">La cura avanzata dei pori incontra il rinnovamento cutaneo di nuova generazione<\/strong><\/p>\n<p data-start=\"245\" data-end=\"526\">Un duo potente progettato per utenti esperti di skincare che cercano di affinare profondamente i pori, migliorare la texture e stimolare la rigenerazione della pelle. L'Anua Pore Refining Exosome Set combina l'alta intensit\u00e0 dell'Exosome Shot Ampoule con i dischetti esfolianti Anua Pore Pads per la massima chiarezza, levigatezza e luminosit\u00e0.<\/p>\n<h2 data-start=\"533\" data-end=\"596\"><a href=\"https:\/\/yukibeauty.ch\/it\/negozio\/routine-coreana\/serum\/medicube-exosome-ampoule-7500\/\" target=\"_blank\" rel=\"noopener\"><strong data-start=\"540\" data-end=\"594\">1. Medicube Un giorno di iniezione di esosomi Fiala per pori 7500<\/strong><\/a><\/h2>\n<p data-start=\"597\" data-end=\"660\"><strong data-start=\"597\" data-end=\"660\">Fiala ad alte prestazioni con 7.500 spicole rivestite di esosomi<\/strong><\/p>\n<p data-start=\"662\" data-end=\"941\">Sperimentate il nuovo livello di tecnologia per la cura della pelle. Questa potente fiala utilizza 7.500 microspicules rivestite con sostanze derivate dal latte. <strong data-start=\"783\" data-end=\"795\">esosomi<\/strong>, peptidi e fattori di crescita per potenziare l'assorbimento, affinare i pori e rinnovare visibilmente la pelle. Aspettatevi una sensazione di formicolio e un segno di azione profonda.<\/p>\n<h3 data-start=\"943\" data-end=\"959\"><strong data-start=\"943\" data-end=\"959\">Vantaggi principali<\/strong><\/h3>\n<ul data-start=\"960\" data-end=\"1224\">\n<li data-start=\"960\" data-end=\"1014\">\n<p data-start=\"962\" data-end=\"1014\">Rinnovamento cutaneo profondo con microneedles rivestiti di esosomi<\/p>\n<\/li>\n<li data-start=\"1015\" data-end=\"1056\">\n<p data-start=\"1017\" data-end=\"1056\">Affina i pori e migliora l'elasticit\u00e0<\/p>\n<\/li>\n<li data-start=\"1057\" data-end=\"1098\">\n<p data-start=\"1059\" data-end=\"1098\">Esfolia delicatamente con AHA, BHA e PHA<\/p>\n<\/li>\n<li data-start=\"1099\" data-end=\"1143\">\n<p data-start=\"1101\" data-end=\"1143\">Controlla il sebo e leviga la texture ruvida<\/p>\n<\/li>\n<li data-start=\"1144\" data-end=\"1184\">\n<p data-start=\"1146\" data-end=\"1184\">Illumina il tono della pelle grazie alla niacinamide<\/p>\n<\/li>\n<li data-start=\"1185\" data-end=\"1224\">\n<p data-start=\"1187\" data-end=\"1224\">Lenisce e idrata con il pantenolo<\/p>\n<\/li>\n<\/ul>\n<h3 data-start=\"1226\" data-end=\"1244\"><strong data-start=\"1226\" data-end=\"1244\">Consistenza e sensazione al tatto<\/strong><\/h3>\n<ul data-start=\"1245\" data-end=\"1413\">\n<li data-start=\"1245\" data-end=\"1294\">\n<p data-start=\"1247\" data-end=\"1294\">Siero lattiginoso con formicolio da microspicole<\/p>\n<\/li>\n<li data-start=\"1295\" data-end=\"1332\">\n<p data-start=\"1297\" data-end=\"1332\">Consigliato agli utenti esperti<\/p>\n<\/li>\n<li data-start=\"1333\" data-end=\"1413\">\n<p data-start=\"1335\" data-end=\"1413\">Versione ad alta intensit\u00e0 (7500 spicole); versione pi\u00f9 blanda disponibile per i principianti<\/p>\n<\/li>\n<\/ul>\n<h4 data-start=\"1415\" data-end=\"1550\"><strong data-start=\"1415\" data-end=\"1441\">Problemi di pelle affrontati<\/strong><\/h4>\n<p data-start=\"1415\" data-end=\"1550\">- Pori dilatati<br data-start=\"1458\" data-end=\"1461\" \/>- Inestetismi e rugosit\u00e0<br data-start=\"1490\" data-end=\"1493\" \/>- Opacit\u00e0 e tono non uniforme<br data-start=\"1519\" data-end=\"1522\" \/>- Pelle stressata e congestionata<\/p>\n<h4 data-start=\"1552\" data-end=\"1693\"><strong data-start=\"1552\" data-end=\"1567\">Precauzioni<\/strong><\/h4>\n<p data-start=\"1552\" data-end=\"1693\">- Eseguire un patch test prima dell'uso<br data-start=\"1601\" data-end=\"1604\" \/>- Usare la protezione solare durante il giorno<br data-start=\"1634\" data-end=\"1637\" \/>- Non \u00e8 raccomandato per pelli molto sensibili o danneggiate<\/p>\n<p>&nbsp;<\/p>\n<h2 data-start=\"148\" data-end=\"181\"><a href=\"https:\/\/yukibeauty.ch\/it\/negozio\/per-gli-uomini\/cleanser-for-men\/anua-heartleaf-77-clear-pad\/\">2. Anua Heartleaf 77% Clear Pad [70 pezzi]<\/a><\/h2>\n<p data-start=\"182\" data-end=\"244\"><strong data-start=\"182\" data-end=\"244\">Tamponi tonici lenitivi per una pelle pi\u00f9 chiara, pi\u00f9 calma e pi\u00f9 liscia<\/strong><\/p>\n<p data-start=\"246\" data-end=\"610\">Migliorate la vostra routine di cura della pelle con <a href=\"https:\/\/yukibeauty.ch\/it\/negozio\/per-gli-uomini\/cleanser-for-men\/anua-heartleaf-77-clear-pad\/\"><strong data-start=\"281\" data-end=\"314\">Anua Heartleaf 77% pastiglie trasparenti<\/strong><\/a> - pastiglie di toner multitasking impregnate di 77% <strong data-start=\"355\" data-end=\"383\">Tonico lenitivo Heartleaf<\/strong>studiati per idratare, calmare le irritazioni e affinare la grana della pelle. Questi dischetti a doppia testura forniscono un'esfoliazione delicata, rimuovono le impurit\u00e0 e aiutano a bilanciare i livelli di sebo, rendendoli un must-have per le pelli sensibili e a tendenza acneica.<\/p>\n<h2 data-start=\"612\" data-end=\"631\">Vantaggi principali<\/h2>\n<ul data-start=\"633\" data-end=\"1220\">\n<li data-start=\"633\" data-end=\"749\">\n<p data-start=\"635\" data-end=\"749\"><strong data-start=\"635\" data-end=\"694\">Infuso con estratto di foglie di cuore 77% (Houttuynia Cordata)<\/strong> per calmare gli arrossamenti e lenire la pelle sensibile e irritata<\/p>\n<\/li>\n<li data-start=\"750\" data-end=\"828\">\n<p data-start=\"752\" data-end=\"828\"><strong data-start=\"752\" data-end=\"789\">Idrata mentre esfolia delicatamente<\/strong> cellule morte e accumuli residui di pelle<\/p>\n<\/li>\n<li data-start=\"829\" data-end=\"989\">\n<p data-start=\"831\" data-end=\"989\"><strong data-start=\"831\" data-end=\"855\">Complesso anti-sebo P<\/strong> (Foglie di Pinus Palustris, Enotera, Radice di Ulmus, Estratti di Radice di Pueraria) aiuta <strong data-start=\"939\" data-end=\"956\">restringere i pori<\/strong> e <strong data-start=\"961\" data-end=\"987\">controllare la produzione di olio<\/strong><\/p>\n<\/li>\n<li data-start=\"990\" data-end=\"1071\">\n<p data-start=\"992\" data-end=\"1071\"><strong data-start=\"992\" data-end=\"1009\">Lato in rilievo<\/strong> rimuove le impurit\u00e0 e le cellule morte della pelle per una texture pi\u00f9 liscia<\/p>\n<\/li>\n<li data-start=\"1072\" data-end=\"1153\">\n<p data-start=\"1074\" data-end=\"1153\"><strong data-start=\"1074\" data-end=\"1087\">Lato morbido<\/strong> tonifica e prepara la pelle per un migliore assorbimento di sieri e creme<\/p>\n<\/li>\n<li data-start=\"1154\" data-end=\"1220\">\n<p data-start=\"1156\" data-end=\"1220\"><strong data-start=\"1156\" data-end=\"1177\">Formula multiuso<\/strong> - pu\u00f2 essere utilizzato anche come maschera lenitiva per le macchie<\/p>\n<\/li>\n<\/ul>\n<h2 data-start=\"1222\" data-end=\"1237\">Ideale per<\/h2>\n<ul data-start=\"1239\" data-end=\"1362\">\n<li data-start=\"1239\" data-end=\"1270\">\n<p data-start=\"1241\" data-end=\"1270\">Pelle sensibile o irritata<\/p>\n<\/li>\n<li data-start=\"1271\" data-end=\"1300\">\n<p data-start=\"1273\" data-end=\"1300\">Pelle grassa e mista<\/p>\n<\/li>\n<li data-start=\"1301\" data-end=\"1326\">\n<p data-start=\"1303\" data-end=\"1326\">Consistenza opaca o ruvida<\/p>\n<\/li>\n<li data-start=\"1327\" data-end=\"1362\">\n<p data-start=\"1329\" data-end=\"1362\">Pori dilatati o eccesso di sebo<\/p>\n<\/li>\n<\/ul>\n<h4 data-start=\"2488\" data-end=\"2623\"><strong data-start=\"2488\" data-end=\"2504\">Adatto per<\/strong><\/h4>\n<p data-start=\"2488\" data-end=\"2623\">- Pelle grassa, mista e a tendenza acneica<br data-start=\"2545\" data-end=\"2548\" \/>- Pelle congestionata o ruvida<br data-start=\"2573\" data-end=\"2576\" \/>- Pelle sensibile (formula delicata e senza alcool)<\/p>\n<p data-start=\"2488\" data-end=\"2623\">Il set Anua Pore Refining Exosome \u00e8 perfetto per tutti i generi.<\/p>","protected":false},"excerpt":{"rendered":"<p>Anua Pore Refining Exosome Set Advanced pore care meets next-generation skin renewal A powerful duo designed for experienced skincare users<\/p>","protected":false},"featured_media":5198,"comment_status":"open","ping_status":"closed","template":"","meta":[],"product_brand":[],"product_cat":[17,312,320],"product_tag":[],"class_list":{"0":"post-5196","1":"product","2":"type-product","3":"status-publish","4":"has-post-thumbnail","6":"product_cat-cleanser","7":"product_cat-serum","8":"product_cat-sets","10":"first","11":"instock","12":"purchasable","13":"product-type-woosb"},"_links":{"self":[{"href":"https:\/\/yukibeauty.ch\/it\/wp-json\/wp\/v2\/product\/5196","targetHints":{"allow":["GET"]}}],"collection":[{"href":"https:\/\/yukibeauty.ch\/it\/wp-json\/wp\/v2\/product"}],"about":[{"href":"https:\/\/yukibeauty.ch\/it\/wp-json\/wp\/v2\/types\/product"}],"replies":[{"embeddable":true,"href":"https:\/\/yukibeauty.ch\/it\/wp-json\/wp\/v2\/comments?post=5196"}],"wp:featuredmedia":[{"embeddable":true,"href":"https:\/\/yukibeauty.ch\/it\/wp-json\/wp\/v2\/media\/5198"}],"wp:attachment":[{"href":"https:\/\/yukibeauty.ch\/it\/wp-json\/wp\/v2\/media?parent=5196"}],"wp:term":[{"taxonomy":"product_brand","embeddable":true,"href":"https:\/\/yukibeauty.ch\/it\/wp-json\/wp\/v2\/product_brand?post=5196"},{"taxonomy":"product_cat","embeddable":true,"href":"https:\/\/yukibeauty.ch\/it\/wp-json\/wp\/v2\/product_cat?post=5196"},{"taxonomy":"product_tag","embeddable":true,"href":"https:\/\/yukibeauty.ch\/it\/wp-json\/wp\/v2\/product_tag?post=5196"}],"curies":[{"name":"wp","href":"https:\/\/api.w.org\/{rel}","templated":true}]}}